{"id":662,"date":"2021-10-22T08:58:22","date_gmt":"2021-10-22T06:58:22","guid":{"rendered":"https:\/\/proficy.eu\/index.php\/proficy-ge-digital-pramonine-programine-iranga-ifix\/"},"modified":"2026-04-08T14:09:38","modified_gmt":"2026-04-08T12:09:38","slug":"proficy-eu-scada-mes-reporting","status":"publish","type":"page","link":"https:\/\/proficy.eu\/lt\/","title":{"rendered":"Proficy HMI\/SCADA iFIX &#8211; GE Vernova"},"content":{"rendered":"","protected":false},"excerpt":{"rendered":"","protected":false},"author":1,"featured_media":0,"parent":0,"menu_order":0,"comment_status":"closed","ping_status":"closed","template":"","meta":{"footnotes":""},"class_list":["post-662","page","type-page","status-publish","hentry"],"yoast_head":"<!-- This site is optimized with the Yoast SEO plugin v27.4 - https:\/\/yoast.com\/product\/yoast-seo-wordpress\/ -->\n<title>Proficy HMI\/SCADA iFIX - GE Vernova - Proficy.eu<\/title>\n<meta name=\"description\" content=\"Proficy: SCADA sistemos iFIX ir Cimplicity, Historian ir pa\u017eangios ataskaitos \u2013 pasiekiamos ranka! GE Vernova pramonin\u0117 programin\u0117 \u012franga.\" \/>\n<meta name=\"robots\" content=\"index, follow, max-snippet:-1, max-image-preview:large, max-video-preview:-1\" \/>\n<link rel=\"canonical\" href=\"https:\/\/proficy.eu\/lt\/\" \/>\n<meta property=\"og:locale\" content=\"lt_LT\" \/>\n<meta property=\"og:type\" content=\"article\" \/>\n<meta property=\"og:title\" content=\"Proficy HMI\/SCADA iFIX - GE Vernova - Proficy.eu\" \/>\n<meta property=\"og:description\" content=\"Proficy: SCADA sistemos iFIX ir Cimplicity, Historian ir pa\u017eangios ataskaitos \u2013 pasiekiamos ranka! GE Vernova pramonin\u0117 programin\u0117 \u012franga.\" \/>\n<meta property=\"og:url\" content=\"https:\/\/proficy.eu\/lt\/\" \/>\n<meta property=\"og:site_name\" content=\"Proficy.eu\" \/>\n<meta property=\"article:modified_time\" content=\"2026-04-08T12:09:38+00:00\" \/>\n<meta name=\"twitter:card\" content=\"summary_large_image\" \/>\n<script type=\"application\/ld+json\" class=\"yoast-schema-graph\">{\"@context\":\"https:\\\/\\\/schema.org\",\"@graph\":[{\"@type\":\"WebPage\",\"@id\":\"https:\\\/\\\/proficy.eu\\\/lt\\\/\",\"url\":\"https:\\\/\\\/proficy.eu\\\/lt\\\/\",\"name\":\"Proficy HMI\\\/SCADA iFIX - GE Vernova - Proficy.eu\",\"isPartOf\":{\"@id\":\"https:\\\/\\\/proficy.eu\\\/lt\\\/#website\"},\"datePublished\":\"2021-10-22T06:58:22+00:00\",\"dateModified\":\"2026-04-08T12:09:38+00:00\",\"description\":\"Proficy: SCADA sistemos iFIX ir Cimplicity, Historian ir pa\u017eangios ataskaitos \u2013 pasiekiamos ranka! GE Vernova pramonin\u0117 programin\u0117 \u012franga.\",\"breadcrumb\":{\"@id\":\"https:\\\/\\\/proficy.eu\\\/lt\\\/#breadcrumb\"},\"inLanguage\":\"lt-LT\",\"potentialAction\":[{\"@type\":\"ReadAction\",\"target\":[\"https:\\\/\\\/proficy.eu\\\/lt\\\/\"]}]},{\"@type\":\"BreadcrumbList\",\"@id\":\"https:\\\/\\\/proficy.eu\\\/lt\\\/#breadcrumb\",\"itemListElement\":[{\"@type\":\"ListItem\",\"position\":1,\"name\":\"Home\",\"item\":\"https:\\\/\\\/proficy.eu\\\/lt\\\/\"},{\"@type\":\"ListItem\",\"position\":2,\"name\":\"Proficy HMI\\\/SCADA iFIX &#8211; GE Vernova\"}]},{\"@type\":\"WebSite\",\"@id\":\"https:\\\/\\\/proficy.eu\\\/lt\\\/#website\",\"url\":\"https:\\\/\\\/proficy.eu\\\/lt\\\/\",\"name\":\"Proficy.eu\",\"description\":\"Proficy.eu - GE Vernova - Industrial Software\",\"potentialAction\":[{\"@type\":\"SearchAction\",\"target\":{\"@type\":\"EntryPoint\",\"urlTemplate\":\"https:\\\/\\\/proficy.eu\\\/lt\\\/?s={search_term_string}\"},\"query-input\":{\"@type\":\"PropertyValueSpecification\",\"valueRequired\":true,\"valueName\":\"search_term_string\"}}],\"inLanguage\":\"lt-LT\"}]}<\/script>\n<!-- \/ Yoast SEO plugin. -->","yoast_head_json":{"title":"Proficy HMI\/SCADA iFIX - GE Vernova - Proficy.eu","description":"Proficy: SCADA sistemos iFIX ir Cimplicity, Historian ir pa\u017eangios ataskaitos \u2013 pasiekiamos ranka! GE Vernova pramonin\u0117 programin\u0117 \u012franga.","robots":{"index":"index","follow":"follow","max-snippet":"max-snippet:-1","max-image-preview":"max-image-preview:large","max-video-preview":"max-video-preview:-1"},"canonical":"https:\/\/proficy.eu\/lt\/","og_locale":"lt_LT","og_type":"article","og_title":"Proficy HMI\/SCADA iFIX - GE Vernova - Proficy.eu","og_description":"Proficy: SCADA sistemos iFIX ir Cimplicity, Historian ir pa\u017eangios ataskaitos \u2013 pasiekiamos ranka! GE Vernova pramonin\u0117 programin\u0117 \u012franga.","og_url":"https:\/\/proficy.eu\/lt\/","og_site_name":"Proficy.eu","article_modified_time":"2026-04-08T12:09:38+00:00","twitter_card":"summary_large_image","schema":{"@context":"https:\/\/schema.org","@graph":[{"@type":"WebPage","@id":"https:\/\/proficy.eu\/lt\/","url":"https:\/\/proficy.eu\/lt\/","name":"Proficy HMI\/SCADA iFIX - GE Vernova - Proficy.eu","isPartOf":{"@id":"https:\/\/proficy.eu\/lt\/#website"},"datePublished":"2021-10-22T06:58:22+00:00","dateModified":"2026-04-08T12:09:38+00:00","description":"Proficy: SCADA sistemos iFIX ir Cimplicity, Historian ir pa\u017eangios ataskaitos \u2013 pasiekiamos ranka! GE Vernova pramonin\u0117 programin\u0117 \u012franga.","breadcrumb":{"@id":"https:\/\/proficy.eu\/lt\/#breadcrumb"},"inLanguage":"lt-LT","potentialAction":[{"@type":"ReadAction","target":["https:\/\/proficy.eu\/lt\/"]}]},{"@type":"BreadcrumbList","@id":"https:\/\/proficy.eu\/lt\/#breadcrumb","itemListElement":[{"@type":"ListItem","position":1,"name":"Home","item":"https:\/\/proficy.eu\/lt\/"},{"@type":"ListItem","position":2,"name":"Proficy HMI\/SCADA iFIX &#8211; GE Vernova"}]},{"@type":"WebSite","@id":"https:\/\/proficy.eu\/lt\/#website","url":"https:\/\/proficy.eu\/lt\/","name":"Proficy.eu","description":"Proficy.eu - GE Vernova - Industrial Software","potentialAction":[{"@type":"SearchAction","target":{"@type":"EntryPoint","urlTemplate":"https:\/\/proficy.eu\/lt\/?s={search_term_string}"},"query-input":{"@type":"PropertyValueSpecification","valueRequired":true,"valueName":"search_term_string"}}],"inLanguage":"lt-LT"}]}},"_links":{"self":[{"href":"https:\/\/proficy.eu\/lt\/wp-json\/wp\/v2\/pages\/662","targetHints":{"allow":["GET"]}}],"collection":[{"href":"https:\/\/proficy.eu\/lt\/wp-json\/wp\/v2\/pages"}],"about":[{"href":"https:\/\/proficy.eu\/lt\/wp-json\/wp\/v2\/types\/page"}],"author":[{"embeddable":true,"href":"https:\/\/proficy.eu\/lt\/wp-json\/wp\/v2\/users\/1"}],"replies":[{"embeddable":true,"href":"https:\/\/proficy.eu\/lt\/wp-json\/wp\/v2\/comments?post=662"}],"version-history":[{"count":30,"href":"https:\/\/proficy.eu\/lt\/wp-json\/wp\/v2\/pages\/662\/revisions"}],"predecessor-version":[{"id":1223,"href":"https:\/\/proficy.eu\/lt\/wp-json\/wp\/v2\/pages\/662\/revisions\/1223"}],"wp:attachment":[{"href":"https:\/\/proficy.eu\/lt\/wp-json\/wp\/v2\/media?parent=662"}],"curies":[{"name":"wp","href":"https:\/\/api.w.org\/{rel}","templated":true}]}}